{"id":14,"date":"2023-12-05T18:30:18","date_gmt":"2023-12-05T21:30:18","guid":{"rendered":"https:\/\/synergyamericanconsulting.com\/?page_id=14"},"modified":"2023-12-11T13:02:57","modified_gmt":"2023-12-11T16:02:57","slug":"home","status":"publish","type":"page","link":"https:\/\/synergyamericanconsulting.com\/","title":{"rendered":"Home"},"content":{"rendered":"\n\n  <div class=\"banner has-hover bg-zoom bg-fade-in\" id=\"banner-1715151242\">\n          <div class=\"banner-inner fill\">\n        <div class=\"banner-bg fill\" >\n            <div class=\"bg fill bg-fill \"><\/div>\n                                    \n                    <\/div>\n\t\t\n        <div class=\"banner-layers container\">\n            <div class=\"fill banner-link\"><\/div>            \n\n   <div id=\"text-box-1656239593\" class=\"text-box banner-layer x50 md-x50 lg-x50 y50 md-y50 lg-y50 res-text\">\n                                <div class=\"text-box-content text dark\">\n              \n              <div class=\"text-inner text-center\">\n                  \n\n\t<div class=\"img has-hover x md-x lg-x y md-y lg-y\" id=\"image_645976891\">\n\t\t\t\t\t\t\t\t<div class=\"img-inner dark\" >\n\t\t\t<img fetchpriority=\"high\" decoding=\"async\" width=\"764\" height=\"247\" src=\"https:\/\/synergyamericanconsulting.com\/wp-content\/uploads\/2023\/12\/cropped-logo-iri_txt_transp.png\" class=\"attachment-large size-large\" alt=\"\" srcset=\"https:\/\/synergyamericanconsulting.com\/wp-content\/uploads\/2023\/12\/cropped-logo-iri_txt_transp.png 764w, https:\/\/synergyamericanconsulting.com\/wp-content\/uploads\/2023\/12\/cropped-logo-iri_txt_transp-600x194.png 600w, https:\/\/synergyamericanconsulting.com\/wp-content\/uploads\/2023\/12\/cropped-logo-iri_txt_transp-300x97.png 300w\" sizes=\"(max-width: 764px) 100vw, 764px\" \/>\t\t\t\t\t\t\n\t\t\t\t\t<\/div>\n\t\t\t\t\t\t\t\t\n<style>\n#image_645976891 {\n  width: 100%;\n}\n<\/style>\n\t<\/div>\n\t\n\n\n              <\/div>\n           <\/div>\n                            \n<style>\n#text-box-1656239593 {\n  width: 60%;\n}\n#text-box-1656239593 .text-box-content {\n  font-size: 100%;\n}\n<\/style>\n    <\/div>\n \n\n        <\/div>\n      <\/div>\n\n            \n<style>\n#banner-1715151242 {\n  padding-top: 90px;\n}\n#banner-1715151242 .bg.bg-loaded {\n  background-image: url(https:\/\/synergyamericanconsulting.com\/wp-content\/uploads\/2023\/12\/iStock-1498495879-1024x553.jpg);\n}\n#banner-1715151242 .bg {\n  background-position: 57% 18%;\n}\n#banner-1715151242 .ux-shape-divider--top svg {\n  height: 150px;\n  --divider-top-width: 100%;\n}\n#banner-1715151242 .ux-shape-divider--bottom svg {\n  height: 150px;\n  --divider-width: 100%;\n}\n@media (min-width:550px) {\n  #banner-1715151242 {\n    padding-top: 250px;\n  }\n}\n<\/style>\n  <\/div>\n\n\n<div class=\"row\"  id=\"row-363034546\">\n\n\n\t<div id=\"col-1693936551\" class=\"col medium-4 small-12 large-4\"  data-animate=\"fadeInDown\">\n\t\t\t\t<div class=\"col-inner\"  >\n\t\t\t\n\t\t\t\n\n\t<div class=\"img has-hover x md-x lg-x y md-y lg-y\" id=\"image_870512253\">\n\t\t\t\t\t\t<div data-animate=\"fadeInDown\">\t\t<div class=\"img-inner dark\" >\n\t\t\t<img decoding=\"async\" width=\"1020\" height=\"681\" src=\"https:\/\/synergyamericanconsulting.com\/wp-content\/uploads\/2023\/12\/Soluciones-integrales-1024x684.jpg\" class=\"attachment-large size-large\" alt=\"\" srcset=\"https:\/\/synergyamericanconsulting.com\/wp-content\/uploads\/2023\/12\/Soluciones-integrales-1024x684.jpg 1024w, https:\/\/synergyamericanconsulting.com\/wp-content\/uploads\/2023\/12\/Soluciones-integrales-300x200.jpg 300w, https:\/\/synergyamericanconsulting.com\/wp-content\/uploads\/2023\/12\/Soluciones-integrales-768x513.jpg 768w, https:\/\/synergyamericanconsulting.com\/wp-content\/uploads\/2023\/12\/Soluciones-integrales-1536x1025.jpg 1536w, https:\/\/synergyamericanconsulting.com\/wp-content\/uploads\/2023\/12\/Soluciones-integrales-2048x1367.jpg 2048w, https:\/\/synergyamericanconsulting.com\/wp-content\/uploads\/2023\/12\/Soluciones-integrales-600x401.jpg 600w\" sizes=\"(max-width: 1020px) 100vw, 1020px\" \/>\t\t\t\t\t\t\n\t\t\t\t\t<\/div>\n\t\t<\/div>\t\t\t\t\t\t\n<style>\n#image_870512253 {\n  width: 100%;\n}\n<\/style>\n\t<\/div>\n\t\n\n<h1 id=\"tw-target-text\" class=\"tw-data-text tw-text-large tw-ta\" dir=\"ltr\" style=\"text-align: center;\" data-placeholder=\"Traducci\u00f3n\" data-ved=\"2ahUKEwjX1vqH2v2CAxV6jJUCHbL9C-8Q3ewLegQICBAQ\"><span class=\"Y2IQFc\" lang=\"en\"><strong>Misi\u00f3n<\/strong>\u00a0<\/span><\/h1>\n<p><strong>Brindar servicios de consultor\u00eda en gesti\u00f3n financiera y empresarial para ayudar a personas y empresas a navegar por el actual panorama complejo y en constante cambio con facilidad\u00a0y\u00a0confianza.<\/strong><\/p>\n\n\t\t<\/div>\n\t\t\t\t\t<\/div>\n\n\t\n\n\t<div id=\"col-2091731284\" class=\"col medium-4 small-12 large-4\"  data-animate=\"fadeInDown\">\n\t\t\t\t<div class=\"col-inner\"  >\n\t\t\t\n\t\t\t\n\n\t<div class=\"img has-hover x md-x lg-x y md-y lg-y\" id=\"image_1900261074\">\n\t\t\t\t\t\t<div data-animate=\"fadeInDown\">\t\t<div class=\"img-inner dark\" >\n\t\t\t<img decoding=\"async\" width=\"1020\" height=\"680\" src=\"https:\/\/synergyamericanconsulting.com\/wp-content\/uploads\/2023\/12\/Foco-en-la-implementacion-1024x683.jpg\" class=\"attachment-large size-large\" alt=\"\" srcset=\"https:\/\/synergyamericanconsulting.com\/wp-content\/uploads\/2023\/12\/Foco-en-la-implementacion-1024x683.jpg 1024w, https:\/\/synergyamericanconsulting.com\/wp-content\/uploads\/2023\/12\/Foco-en-la-implementacion-300x200.jpg 300w, https:\/\/synergyamericanconsulting.com\/wp-content\/uploads\/2023\/12\/Foco-en-la-implementacion-768x512.jpg 768w, https:\/\/synergyamericanconsulting.com\/wp-content\/uploads\/2023\/12\/Foco-en-la-implementacion-1536x1024.jpg 1536w, https:\/\/synergyamericanconsulting.com\/wp-content\/uploads\/2023\/12\/Foco-en-la-implementacion-2048x1365.jpg 2048w, https:\/\/synergyamericanconsulting.com\/wp-content\/uploads\/2023\/12\/Foco-en-la-implementacion-600x400.jpg 600w\" sizes=\"(max-width: 1020px) 100vw, 1020px\" \/>\t\t\t\t\t\t\n\t\t\t\t\t<\/div>\n\t\t<\/div>\t\t\t\t\t\t\n<style>\n#image_1900261074 {\n  width: 100%;\n}\n<\/style>\n\t<\/div>\n\t\n\n<h1 id=\"tw-target-text\" class=\"tw-data-text tw-text-large tw-ta\" dir=\"ltr\" style=\"text-align: center;\" data-placeholder=\"Traducci\u00f3n\" data-ved=\"2ahUKEwjX1vqH2v2CAxV6jJUCHbL9C-8Q3ewLegQICBAQ\"><strong><span class=\"Y2IQFc\" lang=\"en\">Valores<\/span><\/strong><\/h1>\n<p><strong>Ser \u00e9ticos, receptivos y honestos en nuestro comportamiento, estableciendo una comunicaci\u00f3n clara para comprender las expectativas.<\/strong><\/p>\n\n\t\t<\/div>\n\t\t\t\t\t<\/div>\n\n\t\n\n\t<div id=\"col-1865377792\" class=\"col medium-4 small-12 large-4\"  data-animate=\"fadeInDown\">\n\t\t\t\t<div class=\"col-inner\"  >\n\t\t\t\n\t\t\t\n\n\t<div class=\"img has-hover x md-x lg-x y md-y lg-y\" id=\"image_1467564267\">\n\t\t\t\t\t\t\t\t<div class=\"img-inner dark\" >\n\t\t\t<img loading=\"lazy\" decoding=\"async\" width=\"1020\" height=\"765\" src=\"https:\/\/synergyamericanconsulting.com\/wp-content\/uploads\/2023\/12\/Estrategia-en-Accion-2-1024x768.jpg\" class=\"attachment-large size-large\" alt=\"\" srcset=\"https:\/\/synergyamericanconsulting.com\/wp-content\/uploads\/2023\/12\/Estrategia-en-Accion-2-1024x768.jpg 1024w, https:\/\/synergyamericanconsulting.com\/wp-content\/uploads\/2023\/12\/Estrategia-en-Accion-2-300x225.jpg 300w, https:\/\/synergyamericanconsulting.com\/wp-content\/uploads\/2023\/12\/Estrategia-en-Accion-2-768x576.jpg 768w, https:\/\/synergyamericanconsulting.com\/wp-content\/uploads\/2023\/12\/Estrategia-en-Accion-2-1536x1152.jpg 1536w, https:\/\/synergyamericanconsulting.com\/wp-content\/uploads\/2023\/12\/Estrategia-en-Accion-2-2048x1536.jpg 2048w, https:\/\/synergyamericanconsulting.com\/wp-content\/uploads\/2023\/12\/Estrategia-en-Accion-2-600x450.jpg 600w\" sizes=\"(max-width: 1020px) 100vw, 1020px\" \/>\t\t\t\t\t\t\n\t\t\t\t\t<\/div>\n\t\t\t\t\t\t\t\t\n<style>\n#image_1467564267 {\n  width: 89%;\n}\n<\/style>\n\t<\/div>\n\t\n\n<h1 style=\"text-align: center;\"><strong>Prop\u00f3sito<\/strong><\/h1>\n<p><strong>Brindar apoyo a las empresas de propiedad latina, permiti\u00e9ndoles alcanzar y mantener los niveles m\u00e1s altos de rentabilidad mientras trabaja activamente para abordar las disparidades\u00a0existentes.<\/strong><\/p>\n\n\t\t<\/div>\n\t\t\t\t\t<\/div>\n\n\t\n\n<\/div>\n\n  <div class=\"banner has-hover\" id=\"banner-1289133723\">\n          <div class=\"banner-inner fill\">\n        <div class=\"banner-bg fill\" >\n            <div class=\"bg fill bg-fill \"><\/div>\n                        <div class=\"overlay\"><\/div>            \n                    <\/div>\n\t\t\n        <div class=\"banner-layers container\">\n            <div class=\"fill banner-link\"><\/div>            \n\n   <div id=\"text-box-2104756855\" class=\"text-box banner-layer x80 md-x90 lg-x90 y50 md-y15 lg-y15 res-text\">\n                                <div class=\"text-box-content text dark\">\n              \n              <div class=\"text-inner text-left\">\n                  \n\n<h1 style=\"text-align: center;\"><strong>Nuestros Servicios:<\/strong><\/h1>\n<p>\u00a0<\/p>\n<ul>\n<li><strong>Brindar orientaci\u00f3n y apoyo desde el inicio de su idea emprendedora.<\/strong><\/li>\n<li><strong>Dotarlos del conocimiento necesario para navegar el panorama fiscal del pa\u00eds.<\/strong><\/li>\n<li><strong>Implementaci\u00f3n de paneles de control y creaci\u00f3n de informes automatizados utilizando sistemas de gesti\u00f3n.<\/strong><\/li>\n<li><strong>Presentar informaci\u00f3n confiable y conveniente para facilitar la toma de decisiones efectiva.<\/strong><\/li>\n<\/ul>\n\n              <\/div>\n           <\/div>\n                            \n<style>\n#text-box-2104756855 {\n  width: 60%;\n}\n#text-box-2104756855 .text-box-content {\n  font-size: 100%;\n}\n@media (min-width:550px) {\n  #text-box-2104756855 {\n    width: 76%;\n  }\n}\n<\/style>\n    <\/div>\n \n\n        <\/div>\n      <\/div>\n\n            \n<style>\n#banner-1289133723 {\n  padding-top: 500px;\n}\n#banner-1289133723 .bg.bg-loaded {\n  background-image: url(https:\/\/synergyamericanconsulting.com\/wp-content\/uploads\/2023\/12\/Nuestro-Servicio-1024x683.jpg);\n}\n#banner-1289133723 .overlay {\n  background-color: rgba(0, 0, 0, 0.372);\n}\n#banner-1289133723 .ux-shape-divider--top svg {\n  height: 150px;\n  --divider-top-width: 100%;\n}\n#banner-1289133723 .ux-shape-divider--bottom svg {\n  height: 150px;\n  --divider-width: 100%;\n}\n<\/style>\n  <\/div>\n\n\n\n  <div class=\"banner has-hover has-video\" id=\"banner-1742871157\">\n          <div class=\"banner-inner fill\">\n        <div class=\"banner-bg fill\" >\n            <div class=\"bg fill bg-fill \"><\/div>\n            \t<div class=\"video-overlay no-click fill visible\"><\/div>\n\t<video class=\"video-bg fill visible\" preload playsinline autoplay muted loop>\n\t\t<source src=\"http:\/\/synergyamericanconsulting.com\/wp-content\/uploads\/2023\/12\/pexels-oleg-gamulinskii-18743334-1080p.mp4\" type=\"video\/webm\">\t<\/video>\n                        \n                    <\/div>\n\t\t\n        <div class=\"banner-layers container\">\n            <div class=\"fill banner-link\"><\/div>            \n\n   <div id=\"text-box-885192607\" class=\"text-box banner-layer x50 md-x50 lg-x50 y50 md-y50 lg-y50 res-text\">\n                                <div class=\"text-box-content text dark\">\n              \n              <div class=\"text-inner text-center\">\n                  \n\n\n              <\/div>\n           <\/div>\n                            \n<style>\n#text-box-885192607 {\n  width: 60%;\n}\n#text-box-885192607 .text-box-content {\n  font-size: 100%;\n}\n<\/style>\n    <\/div>\n \n\n        <\/div>\n      <\/div>\n\n            \n<style>\n#banner-1742871157 {\n  padding-top: 120px;\n}\n#banner-1742871157 .bg.bg-loaded {\n  background-image: url(https:\/\/synergyamericanconsulting.com\/wp-content\/uploads\/2023\/12\/pexels-oleg-gamulinskii-18743333-1024x576.jpg);\n}\n#banner-1742871157 .bg {\n  background-position: 23% 29%;\n}\n#banner-1742871157 .ux-shape-divider--top svg {\n  height: 150px;\n  --divider-top-width: 100%;\n}\n#banner-1742871157 .ux-shape-divider--bottom svg {\n  height: 150px;\n  --divider-width: 100%;\n}\n<\/style>\n  <\/div>\n\n\n\n  <div class=\"banner has-hover\" id=\"banner-256133178\">\n          <div class=\"banner-inner fill\">\n        <div class=\"banner-bg fill\" >\n            <div class=\"bg fill bg-fill \"><\/div>\n                        <div class=\"overlay\"><\/div>            \n                    <\/div>\n\t\t\n        <div class=\"banner-layers container\">\n            <div class=\"fill banner-link\"><\/div>            \n\n   <div id=\"text-box-1511643847\" class=\"text-box banner-layer x95 md-x95 lg-x95 y10 md-y10 lg-y10 res-text\">\n                                <div class=\"text-box-content text \">\n              \n              <div class=\"text-inner text-right\">\n                  \n\n\t<div id=\"text-3260489808\" class=\"text\">\n\t\t\n\n<h2 class=\"uppercase\"><strong>contactO<\/strong><\/h2>\n<p><strong>\u00a1Impulsa tu empresa al \u00e9xito con nuestra ayuda!<\/strong><\/p>\n<p><strong> Complete nuestro formulario para recibir asesoramiento personalizado y soluciones a medida para su negocio. <\/strong><\/p>\n<p><strong>\u00a1Su \u00e9xito es nuestra prioridad!<\/strong><\/p>\n\t\t\n<style>\n#text-3260489808 {\n  color: rgb(255,255,255);\n}\n#text-3260489808 > * {\n  color: rgb(255,255,255);\n}\n<\/style>\n\t<\/div>\n\t\n<a href=\"https:\/\/synergyamericanconsulting.com\/index.php\/contact\/\" target=\"_self\" class=\"button primary\"  >\n    <span>\u00a1CLICK AC\u00c1!<\/span>\n  <\/a>\n\n\n\n              <\/div>\n           <\/div>\n                            \n<style>\n#text-box-1511643847 {\n  width: 60%;\n}\n#text-box-1511643847 .text-box-content {\n  font-size: 100%;\n}\n@media (min-width:550px) {\n  #text-box-1511643847 {\n    width: 40%;\n  }\n}\n<\/style>\n    <\/div>\n \n\n        <\/div>\n      <\/div>\n\n            \n<style>\n#banner-256133178 {\n  padding-top: 500px;\n  background-color: rgb(255, 255, 255);\n}\n#banner-256133178 .bg.bg-loaded {\n  background-image: url(https:\/\/synergyamericanconsulting.com\/wp-content\/uploads\/2023\/12\/iStock-1441104596-1024x537.jpg);\n}\n#banner-256133178 .overlay {\n  background-color: rgba(190, 190, 190, 0.2);\n}\n#banner-256133178 .ux-shape-divider--top svg {\n  height: 150px;\n  --divider-top-width: 100%;\n}\n#banner-256133178 .ux-shape-divider--bottom svg {\n  height: 150px;\n  --divider-width: 100%;\n}\n<\/style>\n  <\/div>\n\n\n\n","protected":false},"excerpt":{"rendered":"","protected":false},"author":1,"featured_media":0,"parent":0,"menu_order":0,"comment_status":"closed","ping_status":"closed","template":"","meta":{"om_disable_all_campaigns":false,"_monsterinsights_skip_tracking":false,"_monsterinsights_sitenote_active":false,"_monsterinsights_sitenote_note":"","_monsterinsights_sitenote_category":0,"footnotes":""},"aioseo_notices":[],"_links":{"self":[{"href":"https:\/\/synergyamericanconsulting.com\/index.php\/wp-json\/wp\/v2\/pages\/14"}],"collection":[{"href":"https:\/\/synergyamericanconsulting.com\/index.php\/wp-json\/wp\/v2\/pages"}],"about":[{"href":"https:\/\/synergyamericanconsulting.com\/index.php\/wp-json\/wp\/v2\/types\/page"}],"author":[{"embeddable":true,"href":"https:\/\/synergyamericanconsulting.com\/index.php\/wp-json\/wp\/v2\/users\/1"}],"replies":[{"embeddable":true,"href":"https:\/\/synergyamericanconsulting.com\/index.php\/wp-json\/wp\/v2\/comments?post=14"}],"version-history":[{"count":39,"href":"https:\/\/synergyamericanconsulting.com\/index.php\/wp-json\/wp\/v2\/pages\/14\/revisions"}],"predecessor-version":[{"id":133,"href":"https:\/\/synergyamericanconsulting.com\/index.php\/wp-json\/wp\/v2\/pages\/14\/revisions\/133"}],"wp:attachment":[{"href":"https:\/\/synergyamericanconsulting.com\/index.php\/wp-json\/wp\/v2\/media?parent=14"}],"curies":[{"name":"wp","href":"https:\/\/api.w.org\/{rel}","templated":true}]}}